{"id":20374,"date":"2024-07-25T11:36:30","date_gmt":"2024-07-25T16:36:30","guid":{"rendered":"https:\/\/guasipatistore.com\/?post_type=product&#038;p=20374"},"modified":"2025-04-06T09:24:00","modified_gmt":"2025-04-06T14:24:00","slug":"pixel-art-space","status":"publish","type":"product","link":"https:\/\/guasipatistore.com\/?product=pixel-art-space","title":{"rendered":"Pixel Art Space"},"content":{"rendered":"<p>Este rompecabezas de p\u00edxeles te pone de buen humor y te permite relajar tu estado de \u00e1nimo, desafiando tu pensamiento creativo de numerosas maneras y proporcionando innumerables horas de diversi\u00f3n!<\/p>\n<p>Incluye 5 im\u00e1genes diferentes<br \/>\nPuede ayudar a mejorar el enfoque, la memoria, la destreza y las habilidades motoras.<\/p>\n","protected":false},"excerpt":{"rendered":"<p>Este rompecabezas de p\u00edxeles te pone de buen humor y te permite relajar tu estado de \u00e1nimo, desafiando tu pensamiento<\/p>\n","protected":false},"featured_media":20377,"comment_status":"open","ping_status":"closed","template":"","meta":{"_joinchat":[]},"product_cat":[132,74,71],"product_tag":[],"jetpack_sharing_enabled":true,"_links":{"self":[{"href":"https:\/\/guasipatistore.com\/index.php?rest_route=\/wp\/v2\/product\/20374"}],"collection":[{"href":"https:\/\/guasipatistore.com\/index.php?rest_route=\/wp\/v2\/product"}],"about":[{"href":"https:\/\/guasipatistore.com\/index.php?rest_route=\/wp\/v2\/types\/product"}],"replies":[{"embeddable":true,"href":"https:\/\/guasipatistore.com\/index.php?rest_route=%2Fwp%2Fv2%2Fcomments&post=20374"}],"version-history":[{"count":1,"href":"https:\/\/guasipatistore.com\/index.php?rest_route=\/wp\/v2\/product\/20374\/revisions"}],"predecessor-version":[{"id":20379,"href":"https:\/\/guasipatistore.com\/index.php?rest_route=\/wp\/v2\/product\/20374\/revisions\/20379"}],"wp:featuredmedia":[{"embeddable":true,"href":"https:\/\/guasipatistore.com\/index.php?rest_route=\/wp\/v2\/media\/20377"}],"wp:attachment":[{"href":"https:\/\/guasipatistore.com\/index.php?rest_route=%2Fwp%2Fv2%2Fmedia&parent=20374"}],"wp:term":[{"taxonomy":"product_cat","embeddable":true,"href":"https:\/\/guasipatistore.com\/index.php?rest_route=%2Fwp%2Fv2%2Fproduct_cat&post=20374"},{"taxonomy":"product_tag","embeddable":true,"href":"https:\/\/guasipatistore.com\/index.php?rest_route=%2Fwp%2Fv2%2Fproduct_tag&post=20374"}],"curies":[{"name":"wp","href":"https:\/\/api.w.org\/{rel}","templated":true}]}}