{"id":4400,"date":"2021-10-12T15:51:09","date_gmt":"2021-10-12T15:51:09","guid":{"rendered":"http:\/\/dummy.xtemos.com\/woodmart2\/elementor\/?page_id=4400"},"modified":"2023-05-23T09:56:06","modified_gmt":"2023-05-23T14:56:06","slug":"about-us-3","status":"publish","type":"page","link":"https:\/\/guasipatistore.com\/?page_id=4400","title":{"rendered":"About us"},"content":{"rendered":"\t\t<div data-elementor-type=\"wp-page\" data-elementor-id=\"4400\" class=\"elementor elementor-4400\" data-elementor-post-type=\"page\">\n\t\t\t\t\t\t\t\t\t<section class=\"wd-negative-gap elementor-section elementor-top-section elementor-element elementor-element-3c548bca elementor-reverse-tablet elementor-reverse-mobile elementor-section-boxed elementor-section-height-default elementor-section-height-default wd-section-disabled\" data-id=\"3c548bca\" data-element_type=\"section\">\n\t\t\t\t\t\t<div class=\"elementor-container elementor-column-gap-default\">\n\t\t\t\t\t<div class=\"elementor-column elementor-col-50 elementor-top-column elementor-element elementor-element-1d354ed7\" data-id=\"1d354ed7\" data-element_type=\"column\">\n\t\t\t<div class=\"elementor-widget-wrap elementor-element-populated\">\n\t\t\t\t\t\t\t\t<div class=\"elementor-element elementor-element-3b8f1c6 elementor-widget elementor-widget-wd_image_or_svg\" data-id=\"3b8f1c6\" data-element_type=\"widget\" data-widget_type=\"wd_image_or_svg.default\">\n\t\t\t\t<div class=\"elementor-widget-container\">\n\t\t\t\n\t\t<div class=\"wd-image text-left\">\n\t\t\t\t\t\t\t\t<img loading=\"lazy\" width=\"512\" height=\"512\" src=\"https:\/\/guasipatistore.com\/wp-content\/uploads\/2023\/05\/cropped-Logo-Icono.png\" class=\"attachment-full size-full wp-image-15594\" alt=\"logo redondo\" decoding=\"async\" srcset=\"https:\/\/guasipatistore.com\/wp-content\/uploads\/2023\/05\/cropped-Logo-Icono.png 512w, https:\/\/guasipatistore.com\/wp-content\/uploads\/2023\/05\/cropped-Logo-Icono-300x300.png 300w, https:\/\/guasipatistore.com\/wp-content\/uploads\/2023\/05\/cropped-Logo-Icono-150x150.png 150w, https:\/\/guasipatistore.com\/wp-content\/uploads\/2023\/05\/cropped-Logo-Icono-430x430.png 430w, https:\/\/guasipatistore.com\/wp-content\/uploads\/2023\/05\/cropped-Logo-Icono-270x270.png 270w, https:\/\/guasipatistore.com\/wp-content\/uploads\/2023\/05\/cropped-Logo-Icono-192x192.png 192w, https:\/\/guasipatistore.com\/wp-content\/uploads\/2023\/05\/cropped-Logo-Icono-180x180.png 180w, https:\/\/guasipatistore.com\/wp-content\/uploads\/2023\/05\/cropped-Logo-Icono-32x32.png 32w\" sizes=\"(max-width: 512px) 100vw, 512px\" \/>\t\t\t\t\t<\/div>\n\n\t\t\t\t<\/div>\n\t\t\t\t<\/div>\n\t\t\t\t\t<\/div>\n\t\t<\/div>\n\t\t\t\t<div class=\"elementor-column elementor-col-50 elementor-top-column elementor-element elementor-element-7a9daa7\" data-id=\"7a9daa7\" data-element_type=\"column\">\n\t\t\t<div class=\"elementor-widget-wrap elementor-element-populated\">\n\t\t\t\t\t\t\t\t<div class=\"elementor-element elementor-element-18566191 elementor-widget elementor-widget-wd_title\" data-id=\"18566191\" data-element_type=\"widget\" data-widget_type=\"wd_title.default\">\n\t\t\t\t<div class=\"elementor-widget-container\">\n\t\t\t\t\t\t<link rel=\"stylesheet\" id=\"wd-section-title-css\" href=\"https:\/\/guasipatistore.com\/wp-content\/themes\/woodmart\/css\/parts\/el-section-title.min.css?ver=7.2.3\" type=\"text\/css\" media=\"all\" \/> \t\t\t\t\t<div class=\"title-wrapper set-mb-s reset-last-child wd-title-color-primary wd-title-style-default wd-title-size-large text-left\">\n\n\t\t\t\t\t\t\t<div class=\"title-subtitle subtitle-color-primary subtitle-style-default wd-fontsize-xs\">\n\t\t\t\t\tSERVICIO, CALIDAD Y PRECIO\t\t\t\t<\/div>\n\t\t\t\n\t\t\t<div class=\"liner-continer\">\n\t\t\t\t<h4 class=\"woodmart-title-container title wd-fontsize-xxl\">Sobre Nosotros<\/h4> \n\t\t\t\t\t\t\t<\/div>\n\n\t\t\t\t\t<\/div>\n\t\t\t\t<\/div>\n\t\t\t\t<\/div>\n\t\t\t\t<div class=\"elementor-element elementor-element-cf34ae6 elementor-widget elementor-widget-wd_text_block\" data-id=\"cf34ae6\" data-element_type=\"widget\" data-widget_type=\"wd_text_block.default\">\n\t\t\t\t<div class=\"elementor-widget-container\">\n\t\t\t\t\t\t<link rel=\"stylesheet\" id=\"wd-text-block-css\" href=\"https:\/\/guasipatistore.com\/wp-content\/themes\/woodmart\/css\/parts\/el-text-block.min.css?ver=7.2.3\" type=\"text\/css\" media=\"all\" \/> \t\t\t\t\t<div class=\"wd-text-block reset-last-child text-left\">\n\t\t\t\n\t\t\t<p>Guasipati Store es una tienda de papeler\u00eda, \u00fatiles escolares, artes, aprendizaje l\u00fadico y hogar, caracterizada por vender productos de primera calidad a precios inigualables, con los m\u00e1s altos est\u00e1ndares de atenci\u00f3n al cliente.<\/p><p>En Guasipati Store encuentras tanto los productos nacionales m\u00e1s destacados, como importados de media y alta gama, aunado a curiosidades y detalles \u00fanicos en el pa\u00eds, ya que somos distribuidores exclusivos de marcas espa\u00f1olas y americanas en Venezuela.<\/p>\n\t\t\t\t\t<\/div>\n\t\t\t\t<\/div>\n\t\t\t\t<\/div>\n\t\t\t\t\t<\/div>\n\t\t<\/div>\n\t\t\t\t\t\t\t<\/div>\n\t\t<\/section>\n\t\t\t\t\t\t\t<\/div>\n\t\t","protected":false},"excerpt":{"rendered":"<p>SERVICIO, CALIDAD Y PRECIO Sobre Nosotros Guasipati Store es una tienda de papeler\u00eda, \u00fatiles escolares, artes, aprendizaje l\u00fadico y hogar,<\/p>\n","protected":false},"author":1,"featured_media":0,"parent":0,"menu_order":0,"comment_status":"closed","ping_status":"closed","template":"","meta":{"footnotes":"","_joinchat":[]},"jetpack_sharing_enabled":true,"_links":{"self":[{"href":"https:\/\/guasipatistore.com\/index.php?rest_route=\/wp\/v2\/pages\/4400"}],"collection":[{"href":"https:\/\/guasipatistore.com\/index.php?rest_route=\/wp\/v2\/pages"}],"about":[{"href":"https:\/\/guasipatistore.com\/index.php?rest_route=\/wp\/v2\/types\/page"}],"author":[{"embeddable":true,"href":"https:\/\/guasipatistore.com\/index.php?rest_route=\/wp\/v2\/users\/1"}],"replies":[{"embeddable":true,"href":"https:\/\/guasipatistore.com\/index.php?rest_route=%2Fwp%2Fv2%2Fcomments&post=4400"}],"version-history":[{"count":6,"href":"https:\/\/guasipatistore.com\/index.php?rest_route=\/wp\/v2\/pages\/4400\/revisions"}],"predecessor-version":[{"id":15717,"href":"https:\/\/guasipatistore.com\/index.php?rest_route=\/wp\/v2\/pages\/4400\/revisions\/15717"}],"wp:attachment":[{"href":"https:\/\/guasipatistore.com\/index.php?rest_route=%2Fwp%2Fv2%2Fmedia&parent=4400"}],"curies":[{"name":"wp","href":"https:\/\/api.w.org\/{rel}","templated":true}]}}